{"id":40,"date":"2020-05-20T19:56:48","date_gmt":"2020-05-20T17:56:48","guid":{"rendered":"https:\/\/wp.agileworld.de\/?page_id=40"},"modified":"2025-05-02T10:22:58","modified_gmt":"2025-05-02T08:22:58","slug":"impressum","status":"publish","type":"page","link":"https:\/\/staging.agileworld.de\/?page_id=40","title":{"rendered":"Impressum"},"content":{"rendered":"<p>[et_pb_section fb_built=&#8220;1&#8243; admin_label=&#8220;section&#8220; _builder_version=&#8220;4.16&#8243; global_colors_info=&#8220;{}&#8220;][et_pb_row admin_label=&#8220;row&#8220; _builder_version=&#8220;4.16&#8243; background_size=&#8220;initial&#8220; background_position=&#8220;top_left&#8220; background_repeat=&#8220;repeat&#8220; global_colors_info=&#8220;{}&#8220;][et_pb_column type=&#8220;4_4&#8243; _builder_version=&#8220;4.16&#8243; custom_padding=&#8220;|||&#8220; global_colors_info=&#8220;{}&#8220; custom_padding__hover=&#8220;|||&#8220;][et_pb_text admin_label=&#8220;Text&#8220; _builder_version=&#8220;4.20.2&#8243; global_colors_info=&#8220;{}&#8220;]<\/p>\n<h1><strong>Impressum<\/strong><\/h1>\n<p><strong>Copyright<\/strong><span>\u00a0<\/span>und<span>\u00a0<\/span><strong>Anbieter<\/strong><span>\u00a0<\/span>im Sinne des \u00a75 TMG f\u00fcr die Seiten in der Domain agileworld.de:<\/p>\n<p>improuv GmbH<br \/>Brienner Str. 45 a-d<br \/>80333 M\u00fcnchen<br \/><a href=\"mailto:kontakt@improuv.com\" target=\"_blank\" rel=\"noopener noreferrer\">kontakt@improuv.com<\/a><br \/>+49 89 500 352 10<\/p>\n<p>Gesch\u00e4ftsleitung: Jens Coldewey (Gesch\u00e4ftsf\u00fchrer), Laura-Katharina Deo, Sebastian Heglmeier<\/p>\n<p>Ust-ID: DE 129 361 323<br \/>Handelsregister M\u00fcnchen: HRB 11 92 72<\/p>\n<p>Stadtsparkasse M\u00fcnchen<br \/>IBAN: DE13 7015 0000 0050 2000 54<br \/>BIC: SSKMDEMMXXX<\/p>\n<p><strong>Redaktionelle Inhalte<\/strong><\/p>\n<p>Verantwortlich i.S.d. \u00a755 RStV: Sacha Storz.<br \/>F\u00fcr Links und Verweise, die au\u00dferhalb unserer Domain verweisen, \u00fcbernehmen wir keine Verantwortung.<\/p>\n<p>&nbsp;<\/p>\n<p>&nbsp;<\/p>\n<p>&nbsp;<\/p>\n<p>&nbsp;<\/p>\n<p>&nbsp;<\/p>\n<p>&nbsp;<\/p>\n<p><!-- \/divi:list --><\/p>\n<p>[\/et_pb_text][\/et_pb_column][\/et_pb_row][\/et_pb_section]<\/p>\n","protected":false},"excerpt":{"rendered":"<p>[et_pb_section fb_built=&#8220;1&#8243; admin_label=&#8220;section&#8220; _builder_version=&#8220;4.16&#8243; global_colors_info=&#8220;{}&#8220;][et_pb_row admin_label=&#8220;row&#8220; _builder_version=&#8220;4.16&#8243; background_size=&#8220;initial&#8220; background_position=&#8220;top_left&#8220; background_repeat=&#8220;repeat&#8220; global_colors_info=&#8220;{}&#8220;][et_pb_column type=&#8220;4_4&#8243; _builder_version=&#8220;4.16&#8243; custom_padding=&#8220;|||&#8220; global_colors_info=&#8220;{}&#8220; custom_padding__hover=&#8220;|||&#8220;][et_pb_text admin_label=&#8220;Text&#8220; _builder_version=&#8220;4.20.2&#8243; global_colors_info=&#8220;{}&#8220;] Impressum Copyright\u00a0und\u00a0Anbieter\u00a0im Sinne des \u00a75 TMG f\u00fcr die Seiten in der Domain agileworld.de: improuv GmbHBrienner Str. 45 a-d80333 M\u00fcnchenkontakt@improuv.com+49 89 500 352 10 Gesch\u00e4ftsleitung: Jens Coldewey (Gesch\u00e4ftsf\u00fchrer), Laura-Katharina Deo, Sebastian Heglmeier Ust-ID: DE 129 361 323Handelsregister [&hellip;]<\/p>\n","protected":false},"author":1,"featured_media":0,"parent":0,"menu_order":0,"comment_status":"closed","ping_status":"closed","template":"","meta":{"_uag_custom_page_level_css":"","site-sidebar-layout":"default","site-content-layout":"default","ast-site-content-layout":"default","site-content-style":"default","site-sidebar-style":"default","ast-global-header-display":"","ast-banner-title-visibility":"","ast-main-header-display":"","ast-hfb-above-header-display":"","ast-hfb-below-header-display":"","ast-hfb-mobile-header-display":"","site-post-title":"disabled","ast-breadcrumbs-content":"","ast-featured-img":"","footer-sml-layout":"","ast-disable-related-posts":"","theme-transparent-header-meta":"default","adv-header-id-meta":"","stick-header-meta":"default","header-above-stick-meta":"","header-main-stick-meta":"","header-below-stick-meta":"","astra-migrate-meta-layouts":"default","ast-page-background-enabled":"default","ast-page-background-meta":{"desktop":{"background-color":"","background-image":"","background-repeat":"repeat","background-position":"center center","background-size":"auto","background-attachment":"scroll","background-type":"","background-media":"","overlay-type":"","overlay-color":"","overlay-opacity":"","overlay-gradient":""},"tablet":{"background-color":"","background-image":"","background-repeat":"repeat","background-position":"center center","background-size":"auto","background-attachment":"scroll","background-type":"","background-media":"","overlay-type":"","overlay-color":"","overlay-opacity":"","overlay-gradient":""},"mobile":{"background-color":"","background-image":"","background-repeat":"repeat","background-position":"center center","background-size":"auto","background-attachment":"scroll","background-type":"","background-media":"","overlay-type":"","overlay-color":"","overlay-opacity":"","overlay-gradient":""}},"ast-content-background-meta":{"desktop":{"background-color":"var(--ast-global-color-5)","background-image":"","background-repeat":"repeat","background-position":"center center","background-size":"auto","background-attachment":"scroll","background-type":"","background-media":"","overlay-type":"","overlay-color":"","overlay-opacity":"","overlay-gradient":""},"tablet":{"background-color":"var(--ast-global-color-5)","background-image":"","background-repeat":"repeat","background-position":"center center","background-size":"auto","background-attachment":"scroll","background-type":"","background-media":"","overlay-type":"","overlay-color":"","overlay-opacity":"","overlay-gradient":""},"mobile":{"background-color":"var(--ast-global-color-5)","background-image":"","background-repeat":"repeat","background-position":"center center","background-size":"auto","background-attachment":"scroll","background-type":"","background-media":"","overlay-type":"","overlay-color":"","overlay-opacity":"","overlay-gradient":""}},"footnotes":""},"class_list":["post-40","page","type-page","status-publish","hentry"],"yoast_head":"<!-- This site is optimized with the Yoast SEO plugin v27.3 - https:\/\/yoast.com\/product\/yoast-seo-wordpress\/ -->\n<title>Impressum - Agile World<\/title>\n<meta name=\"robots\" content=\"index, follow, max-snippet:-1, max-image-preview:large, max-video-preview:-1\" \/>\n<link rel=\"canonical\" href=\"https:\/\/staging.agileworld.de\/impressum\/\" \/>\n<meta property=\"og:locale\" content=\"de_DE\" \/>\n<meta property=\"og:type\" content=\"article\" \/>\n<meta property=\"og:title\" content=\"Impressum - Agile World\" \/>\n<meta property=\"og:description\" content=\"[et_pb_section fb_built=&#8220;1&#8243; admin_label=&#8220;section&#8220; _builder_version=&#8220;4.16&#8243; global_colors_info=&#8220;{}&#8220;][et_pb_row admin_label=&#8220;row&#8220; _builder_version=&#8220;4.16&#8243; background_size=&#8220;initial&#8220; background_position=&#8220;top_left&#8220; background_repeat=&#8220;repeat&#8220; global_colors_info=&#8220;{}&#8220;][et_pb_column type=&#8220;4_4&#8243; _builder_version=&#8220;4.16&#8243; custom_padding=&#8220;|||&#8220; global_colors_info=&#8220;{}&#8220; custom_padding__hover=&#8220;|||&#8220;][et_pb_text admin_label=&#8220;Text&#8220; _builder_version=&#8220;4.20.2&#8243; global_colors_info=&#8220;{}&#8220;] Impressum Copyright\u00a0und\u00a0Anbieter\u00a0im Sinne des \u00a75 TMG f\u00fcr die Seiten in der Domain agileworld.de: improuv GmbHBrienner Str. 45 a-d80333 M\u00fcnchenkontakt@improuv.com+49 89 500 352 10 Gesch\u00e4ftsleitung: Jens Coldewey (Gesch\u00e4ftsf\u00fchrer), Laura-Katharina Deo, Sebastian Heglmeier Ust-ID: DE 129 361 323Handelsregister [&hellip;]\" \/>\n<meta property=\"og:url\" content=\"https:\/\/staging.agileworld.de\/impressum\/\" \/>\n<meta property=\"og:site_name\" content=\"Agile World\" \/>\n<meta property=\"article:modified_time\" content=\"2025-05-02T08:22:58+00:00\" \/>\n<meta name=\"twitter:card\" content=\"summary_large_image\" \/>\n<meta name=\"twitter:label1\" content=\"Gesch\u00e4tzte Lesezeit\" \/>\n\t<meta name=\"twitter:data1\" content=\"1\u00a0Minute\" \/>\n<script type=\"application\/ld+json\" class=\"yoast-schema-graph\">{\"@context\":\"https:\\\/\\\/schema.org\",\"@graph\":[{\"@type\":\"WebPage\",\"@id\":\"https:\\\/\\\/staging.agileworld.de\\\/impressum\\\/\",\"url\":\"https:\\\/\\\/staging.agileworld.de\\\/impressum\\\/\",\"name\":\"Impressum - Agile World\",\"isPartOf\":{\"@id\":\"https:\\\/\\\/staging.agileworld.de\\\/#website\"},\"datePublished\":\"2020-05-20T17:56:48+00:00\",\"dateModified\":\"2025-05-02T08:22:58+00:00\",\"breadcrumb\":{\"@id\":\"https:\\\/\\\/staging.agileworld.de\\\/impressum\\\/#breadcrumb\"},\"inLanguage\":\"de\",\"potentialAction\":[{\"@type\":\"ReadAction\",\"target\":[\"https:\\\/\\\/staging.agileworld.de\\\/impressum\\\/\"]}]},{\"@type\":\"BreadcrumbList\",\"@id\":\"https:\\\/\\\/staging.agileworld.de\\\/impressum\\\/#breadcrumb\",\"itemListElement\":[{\"@type\":\"ListItem\",\"position\":1,\"name\":\"Startseite\",\"item\":\"https:\\\/\\\/staging.agileworld.de\\\/\"},{\"@type\":\"ListItem\",\"position\":2,\"name\":\"Impressum\"}]},{\"@type\":\"WebSite\",\"@id\":\"https:\\\/\\\/staging.agileworld.de\\\/#website\",\"url\":\"https:\\\/\\\/staging.agileworld.de\\\/\",\"name\":\"Agile World\",\"description\":\"Die Konferenz der agilen Community\",\"publisher\":{\"@id\":\"https:\\\/\\\/staging.agileworld.de\\\/#organization\"},\"potentialAction\":[{\"@type\":\"SearchAction\",\"target\":{\"@type\":\"EntryPoint\",\"urlTemplate\":\"https:\\\/\\\/staging.agileworld.de\\\/?s={search_term_string}\"},\"query-input\":{\"@type\":\"PropertyValueSpecification\",\"valueRequired\":true,\"valueName\":\"search_term_string\"}}],\"inLanguage\":\"de\"},{\"@type\":\"Organization\",\"@id\":\"https:\\\/\\\/staging.agileworld.de\\\/#organization\",\"name\":\"Agile World\",\"url\":\"https:\\\/\\\/staging.agileworld.de\\\/\",\"logo\":{\"@type\":\"ImageObject\",\"inLanguage\":\"de\",\"@id\":\"https:\\\/\\\/staging.agileworld.de\\\/#\\\/schema\\\/logo\\\/image\\\/\",\"url\":\"https:\\\/\\\/staging.agileworld.de\\\/wp-content\\\/uploads\\\/2025\\\/02\\\/cropped-agileworld-claim2025-small.png\",\"contentUrl\":\"https:\\\/\\\/staging.agileworld.de\\\/wp-content\\\/uploads\\\/2025\\\/02\\\/cropped-agileworld-claim2025-small.png\",\"width\":160,\"height\":96,\"caption\":\"Agile World\"},\"image\":{\"@id\":\"https:\\\/\\\/staging.agileworld.de\\\/#\\\/schema\\\/logo\\\/image\\\/\"}}]}<\/script>\n<!-- \/ Yoast SEO plugin. -->","yoast_head_json":{"title":"Impressum - Agile World","robots":{"index":"index","follow":"follow","max-snippet":"max-snippet:-1","max-image-preview":"max-image-preview:large","max-video-preview":"max-video-preview:-1"},"canonical":"https:\/\/staging.agileworld.de\/impressum\/","og_locale":"de_DE","og_type":"article","og_title":"Impressum - Agile World","og_description":"[et_pb_section fb_built=&#8220;1&#8243; admin_label=&#8220;section&#8220; _builder_version=&#8220;4.16&#8243; global_colors_info=&#8220;{}&#8220;][et_pb_row admin_label=&#8220;row&#8220; _builder_version=&#8220;4.16&#8243; background_size=&#8220;initial&#8220; background_position=&#8220;top_left&#8220; background_repeat=&#8220;repeat&#8220; global_colors_info=&#8220;{}&#8220;][et_pb_column type=&#8220;4_4&#8243; _builder_version=&#8220;4.16&#8243; custom_padding=&#8220;|||&#8220; global_colors_info=&#8220;{}&#8220; custom_padding__hover=&#8220;|||&#8220;][et_pb_text admin_label=&#8220;Text&#8220; _builder_version=&#8220;4.20.2&#8243; global_colors_info=&#8220;{}&#8220;] Impressum Copyright\u00a0und\u00a0Anbieter\u00a0im Sinne des \u00a75 TMG f\u00fcr die Seiten in der Domain agileworld.de: improuv GmbHBrienner Str. 45 a-d80333 M\u00fcnchenkontakt@improuv.com+49 89 500 352 10 Gesch\u00e4ftsleitung: Jens Coldewey (Gesch\u00e4ftsf\u00fchrer), Laura-Katharina Deo, Sebastian Heglmeier Ust-ID: DE 129 361 323Handelsregister [&hellip;]","og_url":"https:\/\/staging.agileworld.de\/impressum\/","og_site_name":"Agile World","article_modified_time":"2025-05-02T08:22:58+00:00","twitter_card":"summary_large_image","twitter_misc":{"Gesch\u00e4tzte Lesezeit":"1\u00a0Minute"},"schema":{"@context":"https:\/\/schema.org","@graph":[{"@type":"WebPage","@id":"https:\/\/staging.agileworld.de\/impressum\/","url":"https:\/\/staging.agileworld.de\/impressum\/","name":"Impressum - Agile World","isPartOf":{"@id":"https:\/\/staging.agileworld.de\/#website"},"datePublished":"2020-05-20T17:56:48+00:00","dateModified":"2025-05-02T08:22:58+00:00","breadcrumb":{"@id":"https:\/\/staging.agileworld.de\/impressum\/#breadcrumb"},"inLanguage":"de","potentialAction":[{"@type":"ReadAction","target":["https:\/\/staging.agileworld.de\/impressum\/"]}]},{"@type":"BreadcrumbList","@id":"https:\/\/staging.agileworld.de\/impressum\/#breadcrumb","itemListElement":[{"@type":"ListItem","position":1,"name":"Startseite","item":"https:\/\/staging.agileworld.de\/"},{"@type":"ListItem","position":2,"name":"Impressum"}]},{"@type":"WebSite","@id":"https:\/\/staging.agileworld.de\/#website","url":"https:\/\/staging.agileworld.de\/","name":"Agile World","description":"Die Konferenz der agilen Community","publisher":{"@id":"https:\/\/staging.agileworld.de\/#organization"},"potentialAction":[{"@type":"SearchAction","target":{"@type":"EntryPoint","urlTemplate":"https:\/\/staging.agileworld.de\/?s={search_term_string}"},"query-input":{"@type":"PropertyValueSpecification","valueRequired":true,"valueName":"search_term_string"}}],"inLanguage":"de"},{"@type":"Organization","@id":"https:\/\/staging.agileworld.de\/#organization","name":"Agile World","url":"https:\/\/staging.agileworld.de\/","logo":{"@type":"ImageObject","inLanguage":"de","@id":"https:\/\/staging.agileworld.de\/#\/schema\/logo\/image\/","url":"https:\/\/staging.agileworld.de\/wp-content\/uploads\/2025\/02\/cropped-agileworld-claim2025-small.png","contentUrl":"https:\/\/staging.agileworld.de\/wp-content\/uploads\/2025\/02\/cropped-agileworld-claim2025-small.png","width":160,"height":96,"caption":"Agile World"},"image":{"@id":"https:\/\/staging.agileworld.de\/#\/schema\/logo\/image\/"}}]}},"uagb_featured_image_src":{"full":false,"thumbnail":false,"medium":false,"medium_large":false,"large":false,"1536x1536":false,"2048x2048":false,"et-pb-post-main-image":false,"et-pb-post-main-image-fullwidth":false,"et-pb-portfolio-image":false,"et-pb-portfolio-module-image":false,"et-pb-portfolio-image-single":false,"et-pb-gallery-module-image-portrait":false},"uagb_author_info":{"display_name":"cmlic","author_link":"https:\/\/staging.agileworld.de\/?author=1"},"uagb_comment_info":0,"uagb_excerpt":"[et_pb_section fb_built=&#8220;1&#8243; admin_label=&#8220;section&#8220; _builder_version=&#8220;4.16&#8243; global_colors_info=&#8220;{}&#8220;][et_pb_row admin_label=&#8220;row&#8220; _builder_version=&#8220;4.16&#8243; background_size=&#8220;initial&#8220; background_position=&#8220;top_left&#8220; background_repeat=&#8220;repeat&#8220; global_colors_info=&#8220;{}&#8220;][et_pb_column type=&#8220;4_4&#8243; _builder_version=&#8220;4.16&#8243; custom_padding=&#8220;|||&#8220; global_colors_info=&#8220;{}&#8220; custom_padding__hover=&#8220;|||&#8220;][et_pb_text admin_label=&#8220;Text&#8220; _builder_version=&#8220;4.20.2&#8243; global_colors_info=&#8220;{}&#8220;] Impressum Copyright\u00a0und\u00a0Anbieter\u00a0im Sinne des \u00a75 TMG f\u00fcr die Seiten in der Domain agileworld.de: improuv GmbHBrienner Str. 45 a-d80333 M\u00fcnchenkontakt@improuv.com+49 89 500 352 10 Gesch\u00e4ftsleitung: Jens Coldewey (Gesch\u00e4ftsf\u00fchrer), Laura-Katharina Deo, Sebastian Heglmeier Ust-ID: DE 129 361 323Handelsregister&hellip;","_links":{"self":[{"href":"https:\/\/staging.agileworld.de\/index.php?rest_route=\/wp\/v2\/pages\/40","targetHints":{"allow":["GET"]}}],"collection":[{"href":"https:\/\/staging.agileworld.de\/index.php?rest_route=\/wp\/v2\/pages"}],"about":[{"href":"https:\/\/staging.agileworld.de\/index.php?rest_route=\/wp\/v2\/types\/page"}],"author":[{"embeddable":true,"href":"https:\/\/staging.agileworld.de\/index.php?rest_route=\/wp\/v2\/users\/1"}],"replies":[{"embeddable":true,"href":"https:\/\/staging.agileworld.de\/index.php?rest_route=%2Fwp%2Fv2%2Fcomments&post=40"}],"version-history":[{"count":12,"href":"https:\/\/staging.agileworld.de\/index.php?rest_route=\/wp\/v2\/pages\/40\/revisions"}],"predecessor-version":[{"id":3425,"href":"https:\/\/staging.agileworld.de\/index.php?rest_route=\/wp\/v2\/pages\/40\/revisions\/3425"}],"wp:attachment":[{"href":"https:\/\/staging.agileworld.de\/index.php?rest_route=%2Fwp%2Fv2%2Fmedia&parent=40"}],"curies":[{"name":"wp","href":"https:\/\/api.w.org\/{rel}","templated":true}]}}