{"id":42,"date":"2020-05-20T19:57:18","date_gmt":"2020-05-20T17:57:18","guid":{"rendered":"https:\/\/wp.agileworld.de\/?page_id=42"},"modified":"2025-02-10T14:14:23","modified_gmt":"2025-02-10T13:14:23","slug":"teilnahmebedingungen","status":"publish","type":"page","link":"https:\/\/staging.agileworld.de\/?page_id=42","title":{"rendered":"Teilnahmebedingungen"},"content":{"rendered":"<p>[et_pb_section fb_built=&#8220;1&#8243; admin_label=&#8220;section&#8220; _builder_version=&#8220;4.16&#8243; global_colors_info=&#8220;{}&#8220;][et_pb_row admin_label=&#8220;row&#8220; _builder_version=&#8220;4.16&#8243; background_size=&#8220;initial&#8220; background_position=&#8220;top_left&#8220; background_repeat=&#8220;repeat&#8220; global_colors_info=&#8220;{}&#8220;][et_pb_column type=&#8220;4_4&#8243; _builder_version=&#8220;4.16&#8243; custom_padding=&#8220;|||&#8220; global_colors_info=&#8220;{}&#8220; custom_padding__hover=&#8220;|||&#8220;][et_pb_text admin_label=&#8220;Text&#8220; _builder_version=&#8220;4.20.2&#8243; global_colors_info=&#8220;{}&#8220;]<\/p>\n<h2><strong>Allgemeine Teilnahmebe\u00addingungen f\u00fcr unsere<br \/>Trainings und unsere Konferenz Agile World<\/strong><\/h2>\n<p>Unsere allgemeinen Teilnahmebedingungen gelten f\u00fcr \u00f6ffentliche Trainings (Pr\u00e4senz und remote) sowie f\u00fcr die Agile World Konferenz.<\/p>\n<h3>Teilnahmegeb\u00fchren<\/h3>\n<p>Alle genannten Preise verstehen sich zzgl. MwSt.<\/p>\n<p>Die Teilnahmegeb\u00fchren sind vor Beginn des Trainings\/der Konferenz f\u00e4llig und sind unter Angabe der Rechnungsnummer auf das Konto der improuv GmbH zu \u00fcberweisen bzw. \u00fcber eine der angebotenen Zahlungsmethoden (PayPal, Kreditkarte) zu begleichen.<\/p>\n<p>Bei<span>\u00a0<\/span><strong>Pr\u00e4senztrainings<\/strong><span>\u00a0<\/span>sind im genannten Preis Teilnehmerunterlagen, Getr\u00e4nke und Verpflegung w\u00e4hrend des Trainings inbegriffen.<\/p>\n<p>Die Teilnahmegeb\u00fchren f\u00fcr die<span>\u00a0<\/span><strong>Agile World<\/strong><span>\u00a0<\/span>sind in jedem Fall in voller H\u00f6he zu entrichten, unabh\u00e4ngig davon, ob der\/die Teilnehmer:in an einem oder zwei Tagen an der Konferenz teilnimmt. Im Konferenzpreis enthalten sind Getr\u00e4nke, Kaffee und Mittagessen an beiden Tagen.<\/p>\n<h3>Anmeldung \/ Rechnung<\/h3>\n<p>Die Anmeldung erfolgt vorzugsweise \u00fcber unsere Website, alternativ per E-Mail oder Post. Sie erhalten die Best\u00e4tigung Ihrer Anmeldung per E-Mail.<\/p>\n<p>Ohne diese Anmeldebest\u00e4tigung besteht kein Anspruch auf Teilnahme an der Veranstaltung. Die Anmeldungen werden in der Reihenfolge ihres Eingangs ber\u00fccksichtigt, die m\u00f6gliche Teilnehmerzahl kann begrenzt sein.<\/p>\n<p>Nach Ihrer Anmeldung erhalten Sie Ihre Rechnung. Wenn Sie bei Ihrer Registrierung bereits per Paypal oder Kreditkarte bezahlt haben, ist die Rechnung f\u00fcr Ihre Unterlagen bestimmt. Ansonsten ist der Rechnungsbetrag zum in der Rechnung genannten Zeitpunkt zur Zahlung f\u00e4llig.<\/p>\n<p>F\u00fcr die Teilnahme an der<span>\u00a0<\/span><strong>Agile World<\/strong><span>\u00a0<\/span>Konferenz gilt dar\u00fcber hinaus, dass die Anmeldung erst mit rechtzeitigem Zahlungseingang verbindlich wird.<\/p>\n<h3>Technische Plattformen<\/h3>\n<p>F\u00fcr unsere Trainings nutzen wir die Tools Zoom und Miro.<\/p>\n<p>Jede\/r Teilnehmer:in ist selbst daf\u00fcr verantwortlich, diese Tools nutzen zu k\u00f6nnen. Sollte eine Nutzung nicht m\u00f6glich sein, z. B. aufgrund firmeninterner Vorgaben, berechtigt dies nicht zur kostenfreien Absage der Teilnahme.<\/p>\n<h3>Stornierung \/ R\u00fccktritt<\/h3>\n<p>F\u00fcr die Absage Ihrer Teilnahme an einem unserer \u00f6ffentlichen Trainings gilt eine kostenlose Stornofrist von maximal 3 Wochen vor Trainingsbeginn. Danach ist die Teilnahmegeb\u00fchr in voller H\u00f6he zu entrichten, unabh\u00e4ngig davon, ob und wie lange der\/die Teilnehmer:in am Training teilnimmt. Es kann jedoch ein\/e Ersatzteilnehmer:in gestellt werden.<\/p>\n<p>F\u00fcr die Absage Ihrer Teilnahme an der<span>\u00a0<\/span><strong>Agile World<\/strong><span>\u00a0<\/span>Konferenz 2025 gelten folgende Stornobedingungen:<\/p>\n<p>Bei Absage durch den\/die Teilnehmer:in wird die Teilnahmegeb\u00fchr in folgender H\u00f6he zur\u00fcckerstattet:<\/p>\n<ul>\n<li>Bei Absage bis 23.05.2025: zu 100% abzgl. 20,00 Euro Bearbeitungsgeb\u00fchr<\/li>\n<li>Bei Absage bis 06.06.2025: zu 50% abzgl. 20,00 Euro Bearbeitungsgeb\u00fchr<\/li>\n<li>Bei Absage nach 06.06.2025 bzw. Nicht-Erscheinen: keine Erstattung<\/li>\n<\/ul>\n<h3>Absage \/ Ausfall der Veranstaltung<\/h3>\n<p>Muss die Veranstaltung wegen zu geringer Teilnehmerzahl oder aufgrund von Krankheit eines\/einer oder mehrerer Referent:innen vom Veranstalter abgesagt werden, so werden bereits bezahlte Teilnahmegeb\u00fchren in voller H\u00f6he zur\u00fcckerstattet. Weitergehende Anspr\u00fcche bestehen nicht.<\/p>\n<h3>\u00c4nderungen an Inhalt, Ort, Termin und Trainer:in\/Referent:in<strong><br \/><\/strong><\/h3>\n<p>Wir behalten uns vor, Trainings- und Konferenzinhalte zu \u00fcberarbeiten sowie Termine und Durchf\u00fchrungsorte oder -tools zu \u00e4ndern. Ein Anspruch auf einen bestimmten Vortrag, Workshop oder Trainer:in\/Referent:in besteht nicht. Eingetragene Warenzeichen. Es wird keine Gew\u00e4hr daf\u00fcr \u00fcbernommen, dass die erw\u00e4hnten Produkte, Verfahren und sonstigen Namen frei von Schutzrechten Dritter sind.<\/p>\n<h3>Bild-, Ton- und Videorechte (Agile World)<strong><br \/><\/strong><\/h3>\n<p>Die Vortr\u00e4ge der Agile World Konferenz werden teilweise aufgezeichnet. Dabei ist es m\u00f6glich, dass Bilder, Ton- und Videoaufnahmen und\/oder Namen der Teilnehmer:innen sichtbar sind.<\/p>\n<p>Diese Bild-, Ton- oder Filmaufnahmen d\u00fcrfen zeitlich, r\u00e4umlich, sachlich und inhaltlich unbeschr\u00e4nkt ver\u00f6ffentlicht werden.<\/p>\n<p>Ich\u00a0gestatte der improuv GmbH die Nutzung der Aufnahmen f\u00fcr alle Medien (Print und Presseerzeugnisse sowie Internet, Social Media und Film). Dieses Recht ist nur nach vorheriger Zustimmung auf Dritte \u00fcbertragbar.<\/p>\n<p>Die improuv GmbH nimmt diese Abtretung an und sichert insoweit den notwendigen Datenschutz. Ich verzichte auf Honorarzahlungen in jeglicher Form und erhebe keinerlei Anspr\u00fcche. Die Namensnennung der Abgelichteten steht im Ermessen der improuv GmbH.<\/p>\n<p>Die improuv GmbH versichert, dass das Bild- und Tonmaterial nicht f\u00fcr Zwecke unerlaubter oder strafbarer Handlungen oder in rufsch\u00e4digender Art verwendet wird.<\/p>\n<p>Ich bin \u00fcber den Inhalt \u00a7 22 des Gesetzes betreffend das Urheberrecht an Werken der bildenden K\u00fcnste und der Fotografie (KunstUrhG) ausdr\u00fccklich belehrt worden. \u00a7 22\u00a0<em>Bildnisse d\u00fcrfen nur mit Einwilligung des Abgebildeten verbreitet oder \u00f6ffentlich zur Schau gestellt werden. Die Einwilligung gilt im Zweifel als erteilt, wenn der Abgebildete daf\u00fcr, dass er sich abbilden lie\u00df, eine Entlohnung erhielt. Nach dem Tode des Abgebildeten bedarf es bis zum Ablaufe von 10 Jahren der Einwilligung der Angeh\u00f6rigen des Abgebildeten. Angeh\u00f6rige im Sinne dieses Gesetzes sind der \u00fcberlebende Ehegatte oder Lebenspartner und die Kinder des Abgebildeten und, wenn weder ein Ehegatte oder Lebenspartner noch Kinder vorhanden sind, die Eltern des Abgebildeten.<\/em><\/p>\n<h3>Sonstiges (Agile World)<strong><br \/><\/strong><\/h3>\n<p>Die improuv GmbH als Veranstalter der Agile World darf folgende Daten \u2013 ausschlie\u00dflich w\u00e4hrend der Konferenz \u2013 f\u00fcr die anderen Konferenzteilnehmer:innen sichtbar machen, um Interaktivit\u00e4t und Austausch unter den Konferenzteilnehmer:innen zu gew\u00e4hrleisten.<\/p>\n<p>\u2013\u00a0<em>Vor- und Nachname<\/em><br \/>\u2013\u00a0<em>Unternehmen<br \/>\u2013 LinkedIn Profile<br \/><\/em><em><\/em><em><\/em><em><\/em><\/p>\n<p>Dar\u00fcberhinaus gelten die<span>\u00a0<\/span><a href=\"https:\/\/improuv.com\/service-pages\/datenschutzerklaerung\/\">Datenschutzbestimmungen.<\/a><\/p>\n<p>improuv GmbH<br \/>M\u00fcnchen, 06.02.25<\/p>\n<p>[\/et_pb_text][\/et_pb_column][\/et_pb_row][\/et_pb_section]<\/p>\n","protected":false},"excerpt":{"rendered":"<p>[et_pb_section fb_built=&#8220;1&#8243; admin_label=&#8220;section&#8220; _builder_version=&#8220;4.16&#8243; global_colors_info=&#8220;{}&#8220;][et_pb_row admin_label=&#8220;row&#8220; _builder_version=&#8220;4.16&#8243; background_size=&#8220;initial&#8220; background_position=&#8220;top_left&#8220; background_repeat=&#8220;repeat&#8220; global_colors_info=&#8220;{}&#8220;][et_pb_column type=&#8220;4_4&#8243; _builder_version=&#8220;4.16&#8243; custom_padding=&#8220;|||&#8220; global_colors_info=&#8220;{}&#8220; custom_padding__hover=&#8220;|||&#8220;][et_pb_text admin_label=&#8220;Text&#8220; _builder_version=&#8220;4.20.2&#8243; global_colors_info=&#8220;{}&#8220;] Allgemeine Teilnahmebe\u00addingungen f\u00fcr unsereTrainings und unsere Konferenz Agile World Unsere allgemeinen Teilnahmebedingungen gelten f\u00fcr \u00f6ffentliche Trainings (Pr\u00e4senz und remote) sowie f\u00fcr die Agile World Konferenz. Teilnahmegeb\u00fchren Alle genannten Preise verstehen sich zzgl. MwSt. Die Teilnahmegeb\u00fchren sind [&hellip;]<\/p>\n","protected":false},"author":1,"featured_media":0,"parent":0,"menu_order":0,"comment_status":"closed","ping_status":"closed","template":"","meta":{"_uag_custom_page_level_css":"","site-sidebar-layout":"default","site-content-layout":"default","ast-site-content-layout":"default","site-content-style":"default","site-sidebar-style":"default","ast-global-header-display":"","ast-banner-title-visibility":"","ast-main-header-display":"","ast-hfb-above-header-display":"","ast-hfb-below-header-display":"","ast-hfb-mobile-header-display":"","site-post-title":"disabled","ast-breadcrumbs-content":"","ast-featured-img":"","footer-sml-layout":"","ast-disable-related-posts":"","theme-transparent-header-meta":"default","adv-header-id-meta":"","stick-header-meta":"default","header-above-stick-meta":"","header-main-stick-meta":"","header-below-stick-meta":"","astra-migrate-meta-layouts":"default","ast-page-background-enabled":"default","ast-page-background-meta":{"desktop":{"background-color":"","background-image":"","background-repeat":"repeat","background-position":"center center","background-size":"auto","background-attachment":"scroll","background-type":"","background-media":"","overlay-type":"","overlay-color":"","overlay-opacity":"","overlay-gradient":""},"tablet":{"background-color":"","background-image":"","background-repeat":"repeat","background-position":"center center","background-size":"auto","background-attachment":"scroll","background-type":"","background-media":"","overlay-type":"","overlay-color":"","overlay-opacity":"","overlay-gradient":""},"mobile":{"background-color":"","background-image":"","background-repeat":"repeat","background-position":"center center","background-size":"auto","background-attachment":"scroll","background-type":"","background-media":"","overlay-type":"","overlay-color":"","overlay-opacity":"","overlay-gradient":""}},"ast-content-background-meta":{"desktop":{"background-color":"var(--ast-global-color-5)","background-image":"","background-repeat":"repeat","background-position":"center center","background-size":"auto","background-attachment":"scroll","background-type":"","background-media":"","overlay-type":"","overlay-color":"","overlay-opacity":"","overlay-gradient":""},"tablet":{"background-color":"var(--ast-global-color-5)","background-image":"","background-repeat":"repeat","background-position":"center center","background-size":"auto","background-attachment":"scroll","background-type":"","background-media":"","overlay-type":"","overlay-color":"","overlay-opacity":"","overlay-gradient":""},"mobile":{"background-color":"var(--ast-global-color-5)","background-image":"","background-repeat":"repeat","background-position":"center center","background-size":"auto","background-attachment":"scroll","background-type":"","background-media":"","overlay-type":"","overlay-color":"","overlay-opacity":"","overlay-gradient":""}},"footnotes":""},"class_list":["post-42","page","type-page","status-publish","hentry"],"yoast_head":"<!-- This site is optimized with the Yoast SEO plugin v27.3 - https:\/\/yoast.com\/product\/yoast-seo-wordpress\/ -->\n<title>Teilnahmebedingungen - Agile World<\/title>\n<meta name=\"robots\" content=\"index, follow, max-snippet:-1, max-image-preview:large, max-video-preview:-1\" \/>\n<link rel=\"canonical\" href=\"https:\/\/staging.agileworld.de\/teilnahmebedingungen\/\" \/>\n<meta property=\"og:locale\" content=\"de_DE\" \/>\n<meta property=\"og:type\" content=\"article\" \/>\n<meta property=\"og:title\" content=\"Teilnahmebedingungen - Agile World\" \/>\n<meta property=\"og:description\" content=\"[et_pb_section fb_built=&#8220;1&#8243; admin_label=&#8220;section&#8220; _builder_version=&#8220;4.16&#8243; global_colors_info=&#8220;{}&#8220;][et_pb_row admin_label=&#8220;row&#8220; _builder_version=&#8220;4.16&#8243; background_size=&#8220;initial&#8220; background_position=&#8220;top_left&#8220; background_repeat=&#8220;repeat&#8220; global_colors_info=&#8220;{}&#8220;][et_pb_column type=&#8220;4_4&#8243; _builder_version=&#8220;4.16&#8243; custom_padding=&#8220;|||&#8220; global_colors_info=&#8220;{}&#8220; custom_padding__hover=&#8220;|||&#8220;][et_pb_text admin_label=&#8220;Text&#8220; _builder_version=&#8220;4.20.2&#8243; global_colors_info=&#8220;{}&#8220;] Allgemeine Teilnahmebe\u00addingungen f\u00fcr unsereTrainings und unsere Konferenz Agile World Unsere allgemeinen Teilnahmebedingungen gelten f\u00fcr \u00f6ffentliche Trainings (Pr\u00e4senz und remote) sowie f\u00fcr die Agile World Konferenz. Teilnahmegeb\u00fchren Alle genannten Preise verstehen sich zzgl. MwSt. Die Teilnahmegeb\u00fchren sind [&hellip;]\" \/>\n<meta property=\"og:url\" content=\"https:\/\/staging.agileworld.de\/teilnahmebedingungen\/\" \/>\n<meta property=\"og:site_name\" content=\"Agile World\" \/>\n<meta property=\"article:modified_time\" content=\"2025-02-10T13:14:23+00:00\" \/>\n<meta name=\"twitter:card\" content=\"summary_large_image\" \/>\n<meta name=\"twitter:label1\" content=\"Gesch\u00e4tzte Lesezeit\" \/>\n\t<meta name=\"twitter:data1\" content=\"2\u00a0Minuten\" \/>\n<script type=\"application\/ld+json\" class=\"yoast-schema-graph\">{\"@context\":\"https:\\\/\\\/schema.org\",\"@graph\":[{\"@type\":\"WebPage\",\"@id\":\"https:\\\/\\\/staging.agileworld.de\\\/teilnahmebedingungen\\\/\",\"url\":\"https:\\\/\\\/staging.agileworld.de\\\/teilnahmebedingungen\\\/\",\"name\":\"Teilnahmebedingungen - Agile World\",\"isPartOf\":{\"@id\":\"https:\\\/\\\/staging.agileworld.de\\\/#website\"},\"datePublished\":\"2020-05-20T17:57:18+00:00\",\"dateModified\":\"2025-02-10T13:14:23+00:00\",\"breadcrumb\":{\"@id\":\"https:\\\/\\\/staging.agileworld.de\\\/teilnahmebedingungen\\\/#breadcrumb\"},\"inLanguage\":\"de\",\"potentialAction\":[{\"@type\":\"ReadAction\",\"target\":[\"https:\\\/\\\/staging.agileworld.de\\\/teilnahmebedingungen\\\/\"]}]},{\"@type\":\"BreadcrumbList\",\"@id\":\"https:\\\/\\\/staging.agileworld.de\\\/teilnahmebedingungen\\\/#breadcrumb\",\"itemListElement\":[{\"@type\":\"ListItem\",\"position\":1,\"name\":\"Startseite\",\"item\":\"https:\\\/\\\/staging.agileworld.de\\\/\"},{\"@type\":\"ListItem\",\"position\":2,\"name\":\"Teilnahmebedingungen\"}]},{\"@type\":\"WebSite\",\"@id\":\"https:\\\/\\\/staging.agileworld.de\\\/#website\",\"url\":\"https:\\\/\\\/staging.agileworld.de\\\/\",\"name\":\"Agile World\",\"description\":\"Die Konferenz der agilen Community\",\"publisher\":{\"@id\":\"https:\\\/\\\/staging.agileworld.de\\\/#organization\"},\"potentialAction\":[{\"@type\":\"SearchAction\",\"target\":{\"@type\":\"EntryPoint\",\"urlTemplate\":\"https:\\\/\\\/staging.agileworld.de\\\/?s={search_term_string}\"},\"query-input\":{\"@type\":\"PropertyValueSpecification\",\"valueRequired\":true,\"valueName\":\"search_term_string\"}}],\"inLanguage\":\"de\"},{\"@type\":\"Organization\",\"@id\":\"https:\\\/\\\/staging.agileworld.de\\\/#organization\",\"name\":\"Agile World\",\"url\":\"https:\\\/\\\/staging.agileworld.de\\\/\",\"logo\":{\"@type\":\"ImageObject\",\"inLanguage\":\"de\",\"@id\":\"https:\\\/\\\/staging.agileworld.de\\\/#\\\/schema\\\/logo\\\/image\\\/\",\"url\":\"https:\\\/\\\/staging.agileworld.de\\\/wp-content\\\/uploads\\\/2025\\\/02\\\/cropped-agileworld-claim2025-small.png\",\"contentUrl\":\"https:\\\/\\\/staging.agileworld.de\\\/wp-content\\\/uploads\\\/2025\\\/02\\\/cropped-agileworld-claim2025-small.png\",\"width\":160,\"height\":96,\"caption\":\"Agile World\"},\"image\":{\"@id\":\"https:\\\/\\\/staging.agileworld.de\\\/#\\\/schema\\\/logo\\\/image\\\/\"}}]}<\/script>\n<!-- \/ Yoast SEO plugin. -->","yoast_head_json":{"title":"Teilnahmebedingungen - Agile World","robots":{"index":"index","follow":"follow","max-snippet":"max-snippet:-1","max-image-preview":"max-image-preview:large","max-video-preview":"max-video-preview:-1"},"canonical":"https:\/\/staging.agileworld.de\/teilnahmebedingungen\/","og_locale":"de_DE","og_type":"article","og_title":"Teilnahmebedingungen - Agile World","og_description":"[et_pb_section fb_built=&#8220;1&#8243; admin_label=&#8220;section&#8220; _builder_version=&#8220;4.16&#8243; global_colors_info=&#8220;{}&#8220;][et_pb_row admin_label=&#8220;row&#8220; _builder_version=&#8220;4.16&#8243; background_size=&#8220;initial&#8220; background_position=&#8220;top_left&#8220; background_repeat=&#8220;repeat&#8220; global_colors_info=&#8220;{}&#8220;][et_pb_column type=&#8220;4_4&#8243; _builder_version=&#8220;4.16&#8243; custom_padding=&#8220;|||&#8220; global_colors_info=&#8220;{}&#8220; custom_padding__hover=&#8220;|||&#8220;][et_pb_text admin_label=&#8220;Text&#8220; _builder_version=&#8220;4.20.2&#8243; global_colors_info=&#8220;{}&#8220;] Allgemeine Teilnahmebe\u00addingungen f\u00fcr unsereTrainings und unsere Konferenz Agile World Unsere allgemeinen Teilnahmebedingungen gelten f\u00fcr \u00f6ffentliche Trainings (Pr\u00e4senz und remote) sowie f\u00fcr die Agile World Konferenz. Teilnahmegeb\u00fchren Alle genannten Preise verstehen sich zzgl. MwSt. Die Teilnahmegeb\u00fchren sind [&hellip;]","og_url":"https:\/\/staging.agileworld.de\/teilnahmebedingungen\/","og_site_name":"Agile World","article_modified_time":"2025-02-10T13:14:23+00:00","twitter_card":"summary_large_image","twitter_misc":{"Gesch\u00e4tzte Lesezeit":"2\u00a0Minuten"},"schema":{"@context":"https:\/\/schema.org","@graph":[{"@type":"WebPage","@id":"https:\/\/staging.agileworld.de\/teilnahmebedingungen\/","url":"https:\/\/staging.agileworld.de\/teilnahmebedingungen\/","name":"Teilnahmebedingungen - Agile World","isPartOf":{"@id":"https:\/\/staging.agileworld.de\/#website"},"datePublished":"2020-05-20T17:57:18+00:00","dateModified":"2025-02-10T13:14:23+00:00","breadcrumb":{"@id":"https:\/\/staging.agileworld.de\/teilnahmebedingungen\/#breadcrumb"},"inLanguage":"de","potentialAction":[{"@type":"ReadAction","target":["https:\/\/staging.agileworld.de\/teilnahmebedingungen\/"]}]},{"@type":"BreadcrumbList","@id":"https:\/\/staging.agileworld.de\/teilnahmebedingungen\/#breadcrumb","itemListElement":[{"@type":"ListItem","position":1,"name":"Startseite","item":"https:\/\/staging.agileworld.de\/"},{"@type":"ListItem","position":2,"name":"Teilnahmebedingungen"}]},{"@type":"WebSite","@id":"https:\/\/staging.agileworld.de\/#website","url":"https:\/\/staging.agileworld.de\/","name":"Agile World","description":"Die Konferenz der agilen Community","publisher":{"@id":"https:\/\/staging.agileworld.de\/#organization"},"potentialAction":[{"@type":"SearchAction","target":{"@type":"EntryPoint","urlTemplate":"https:\/\/staging.agileworld.de\/?s={search_term_string}"},"query-input":{"@type":"PropertyValueSpecification","valueRequired":true,"valueName":"search_term_string"}}],"inLanguage":"de"},{"@type":"Organization","@id":"https:\/\/staging.agileworld.de\/#organization","name":"Agile World","url":"https:\/\/staging.agileworld.de\/","logo":{"@type":"ImageObject","inLanguage":"de","@id":"https:\/\/staging.agileworld.de\/#\/schema\/logo\/image\/","url":"https:\/\/staging.agileworld.de\/wp-content\/uploads\/2025\/02\/cropped-agileworld-claim2025-small.png","contentUrl":"https:\/\/staging.agileworld.de\/wp-content\/uploads\/2025\/02\/cropped-agileworld-claim2025-small.png","width":160,"height":96,"caption":"Agile World"},"image":{"@id":"https:\/\/staging.agileworld.de\/#\/schema\/logo\/image\/"}}]}},"uagb_featured_image_src":{"full":false,"thumbnail":false,"medium":false,"medium_large":false,"large":false,"1536x1536":false,"2048x2048":false,"et-pb-post-main-image":false,"et-pb-post-main-image-fullwidth":false,"et-pb-portfolio-image":false,"et-pb-portfolio-module-image":false,"et-pb-portfolio-image-single":false,"et-pb-gallery-module-image-portrait":false},"uagb_author_info":{"display_name":"cmlic","author_link":"https:\/\/staging.agileworld.de\/?author=1"},"uagb_comment_info":0,"uagb_excerpt":"[et_pb_section fb_built=&#8220;1&#8243; admin_label=&#8220;section&#8220; _builder_version=&#8220;4.16&#8243; global_colors_info=&#8220;{}&#8220;][et_pb_row admin_label=&#8220;row&#8220; _builder_version=&#8220;4.16&#8243; background_size=&#8220;initial&#8220; background_position=&#8220;top_left&#8220; background_repeat=&#8220;repeat&#8220; global_colors_info=&#8220;{}&#8220;][et_pb_column type=&#8220;4_4&#8243; _builder_version=&#8220;4.16&#8243; custom_padding=&#8220;|||&#8220; global_colors_info=&#8220;{}&#8220; custom_padding__hover=&#8220;|||&#8220;][et_pb_text admin_label=&#8220;Text&#8220; _builder_version=&#8220;4.20.2&#8243; global_colors_info=&#8220;{}&#8220;] Allgemeine Teilnahmebe\u00addingungen f\u00fcr unsereTrainings und unsere Konferenz Agile World Unsere allgemeinen Teilnahmebedingungen gelten f\u00fcr \u00f6ffentliche Trainings (Pr\u00e4senz und remote) sowie f\u00fcr die Agile World Konferenz. Teilnahmegeb\u00fchren Alle genannten Preise verstehen sich zzgl. MwSt. Die Teilnahmegeb\u00fchren sind&hellip;","_links":{"self":[{"href":"https:\/\/staging.agileworld.de\/index.php?rest_route=\/wp\/v2\/pages\/42","targetHints":{"allow":["GET"]}}],"collection":[{"href":"https:\/\/staging.agileworld.de\/index.php?rest_route=\/wp\/v2\/pages"}],"about":[{"href":"https:\/\/staging.agileworld.de\/index.php?rest_route=\/wp\/v2\/types\/page"}],"author":[{"embeddable":true,"href":"https:\/\/staging.agileworld.de\/index.php?rest_route=\/wp\/v2\/users\/1"}],"replies":[{"embeddable":true,"href":"https:\/\/staging.agileworld.de\/index.php?rest_route=%2Fwp%2Fv2%2Fcomments&post=42"}],"version-history":[{"count":21,"href":"https:\/\/staging.agileworld.de\/index.php?rest_route=\/wp\/v2\/pages\/42\/revisions"}],"predecessor-version":[{"id":3220,"href":"https:\/\/staging.agileworld.de\/index.php?rest_route=\/wp\/v2\/pages\/42\/revisions\/3220"}],"wp:attachment":[{"href":"https:\/\/staging.agileworld.de\/index.php?rest_route=%2Fwp%2Fv2%2Fmedia&parent=42"}],"curies":[{"name":"wp","href":"https:\/\/api.w.org\/{rel}","templated":true}]}}